{"id":47,"date":"2021-04-26T11:41:06","date_gmt":"2021-04-26T09:41:06","guid":{"rendered":"http:\/\/tefrtdr.cluster029.hosting.ovh.net\/?page_id=47"},"modified":"2024-11-07T10:33:57","modified_gmt":"2024-11-07T09:33:57","slug":"la-recuperation-de-vieux-velos","status":"publish","type":"page","link":"https:\/\/lecyclorecycle.fr\/index.php\/la-recuperation-de-vieux-velos\/","title":{"rendered":"La r\u00e9cup\u00e9ration de vieux v\u00e9los"},"content":{"rendered":"\n<p>Peut-\u00eatre souhaitez-vous faire don \u00e0 notre association d&rsquo;un ou plusieurs v\u00e9los que vous n&rsquo;utilisez plus. <\/p>\n\n\n\n<p>L&rsquo;association r\u00e9cup\u00e8re effectivement des v\u00e9los, mais en quantit\u00e9 tr\u00e8s limit\u00e9, et qui sont utilis\u00e9s pour constituer notre stock de pi\u00e8ces d\u00e9tach\u00e9es.<br><\/p>\n\n\n\n<p>Chaque v\u00e9lo r\u00e9cup\u00e9r\u00e9 demande environ 4 heures de travail, entre le d\u00e9montage des pi\u00e8ces, le nettoyage, le stockage, et la mise en d\u00e9ch\u00e8terie des pi\u00e8ces non r\u00e9cup\u00e9rables.<br><\/p>\n\n\n\n<p>Nous n&rsquo;avons malheureusement pas la structure pour reprendre un grand nombre de v\u00e9los. <br>Et nous disposons d&rsquo;une surface de stockage tr\u00e8s r\u00e9duite. <br><strong>Par cons\u00e9quent, avant de nous apporter des v\u00e9los, merci de nous contacter par mail, nous vous r\u00e9pondrons, et prendrons contact avec vous. <\/strong><\/p>\n\n\n\n<figure class=\"wp-block-image size-full\"><img loading=\"lazy\" decoding=\"async\" width=\"151\" height=\"19\" src=\"https:\/\/lecyclorecycle.fr\/wp-content\/uploads\/2021\/07\/site_contact.png\" alt=\"\" class=\"wp-image-252\"\/><\/figure>\n\n\n\n<div style=\"height:14px\" aria-hidden=\"true\" class=\"wp-block-spacer\"><\/div>\n\n\n\n<figure class=\"wp-block-image size-full\"><img loading=\"lazy\" decoding=\"async\" width=\"492\" height=\"326\" src=\"http:\/\/tefrtdr.cluster029.hosting.ovh.net\/wp-content\/uploads\/2021\/07\/site_recuperer_vieux_velos.jpg\" alt=\"\" class=\"wp-image-259\" srcset=\"https:\/\/lecyclorecycle.fr\/wp-content\/uploads\/2021\/07\/site_recuperer_vieux_velos.jpg 492w, https:\/\/lecyclorecycle.fr\/wp-content\/uploads\/2021\/07\/site_recuperer_vieux_velos-300x199.jpg 300w\" sizes=\"(max-width: 492px) 100vw, 492px\" \/><\/figure>\n\n\n\n<div style=\"height:12px\" aria-hidden=\"true\" class=\"wp-block-spacer\"><\/div>\n\n\n\n<p>Dans tous les cas, merci d&rsquo;avance.<\/p>\n","protected":false},"excerpt":{"rendered":"<p>Peut-\u00eatre souhaitez-vous faire don \u00e0 notre association d&rsquo;un ou plusieurs v\u00e9los que vous n&rsquo;utilisez plus. L&rsquo;association r\u00e9cup\u00e8re effectivement des v\u00e9los, mais en quantit\u00e9 tr\u00e8s limit\u00e9, et qui sont utilis\u00e9s pour constituer notre stock de pi\u00e8ces d\u00e9tach\u00e9es. Chaque v\u00e9lo r\u00e9cup\u00e9r\u00e9 demande environ 4 heures de travail, entre le d\u00e9montage des pi\u00e8ces, le nettoyage, le stockage, et [&hellip;]<\/p>\n","protected":false},"author":1,"featured_media":0,"parent":0,"menu_order":0,"comment_status":"closed","ping_status":"closed","template":"","meta":{"footnotes":""},"_links":{"self":[{"href":"https:\/\/lecyclorecycle.fr\/index.php\/wp-json\/wp\/v2\/pages\/47"}],"collection":[{"href":"https:\/\/lecyclorecycle.fr\/index.php\/wp-json\/wp\/v2\/pages"}],"about":[{"href":"https:\/\/lecyclorecycle.fr\/index.php\/wp-json\/wp\/v2\/types\/page"}],"author":[{"embeddable":true,"href":"https:\/\/lecyclorecycle.fr\/index.php\/wp-json\/wp\/v2\/users\/1"}],"replies":[{"embeddable":true,"href":"https:\/\/lecyclorecycle.fr\/index.php\/wp-json\/wp\/v2\/comments?post=47"}],"version-history":[{"count":14,"href":"https:\/\/lecyclorecycle.fr\/index.php\/wp-json\/wp\/v2\/pages\/47\/revisions"}],"predecessor-version":[{"id":962,"href":"https:\/\/lecyclorecycle.fr\/index.php\/wp-json\/wp\/v2\/pages\/47\/revisions\/962"}],"wp:attachment":[{"href":"https:\/\/lecyclorecycle.fr\/index.php\/wp-json\/wp\/v2\/media?parent=47"}],"curies":[{"name":"wp","href":"https:\/\/api.w.org\/{rel}","templated":true}]}}